{"id":2,"date":"2016-09-09T07:57:53","date_gmt":"2016-09-09T07:57:53","guid":{"rendered":"https:\/\/wp1.depictum.fi\/?page_id=2"},"modified":"2025-02-24T15:24:24","modified_gmt":"2025-02-24T15:24:24","slug":"sample-page","status":"publish","type":"page","link":"https:\/\/teasoderlund.fi\/?page_id=2","title":{"rendered":"CV | Contact"},"content":{"rendered":"\n<p><strong>Tea S\u00f6derlund<\/strong> s. 1976 Vantaa<br>Asuu ja ty\u00f6skentelee Porissa<br>contact [at] teasoderlund.fi<\/p>\n\n\n\n<p><\/p>\n\n\n\n<p><strong>Yksityisn\u00e4yttelyt<br>2024<\/strong> Pori, P-galleria: <em>Siirtymi\u00e4<\/em><br><strong>2018<\/strong> Pori, P-galleria: <em>Kohtaaminen<\/em><strong><br>2018<\/strong> Helsinki, Makkaragalleria: <em>Kohtaamisia<\/em><strong><br>2016<\/strong> Helsinki, Galleria SEIN\u00c4: <em>Omakuva<\/em><br><strong>2015<\/strong> Pori, Galleria 3H+K: <em>Pinta<\/em><br><strong>2013<\/strong> Pori, P-galleria: <em>Kupla<\/em><br><strong>2013<\/strong> Vantaa, galleria Gjutars: <em>Kokonainen<\/em><br><strong>2012<\/strong> Helsinki, Kampaamo Voxy: <em>Neule<\/em><br><strong>2012<\/strong> Pori, Galleria Elise: <em>Kokonainen<\/em><br><strong>2010<\/strong> Pori, Alaporras, Installaatio: <em>Talvi tulla saa<\/em><br><strong>2008<\/strong> Pori, Alaporras, Installaatio: <em>Kutsu<\/em><br><strong>2006<\/strong> Pori, Alaporras, Installaatio: <em>Yksin\u00e4isyys<\/em><br><strong>2003<\/strong> Pori, Portait galleria: <em>Unikuvia ja her\u00e4\u00e4misi\u00e4<\/em><\/p>\n\n\n\n<p><strong>{TES} -ryhm\u00e4n n\u00e4yttelyt ja tapahtumat<br>2024<\/strong> Pori, Galleria Ars Pori, kes\u00e4n\u00e4yttely: <em>Saw wave \/\/ Saw tooth (ver. 1)<\/em><br><strong>2024<\/strong> Pori, ANTiTILA: <em>Saw wave \/\/ Saw tooth (ver. 1)<\/em>, <em>Anti-matter disco, aka hot bodies in motion<\/em><br><strong>2023 <\/strong>Helsinki, Myym\u00e4l\u00e42: <em>Unknown measures<\/em><br><strong>2023<\/strong> Porin Juhlaviikot: <em>Mediamuraalit<\/em><br><strong>2022<\/strong> Lahti, Galleria Uusi Kipin\u00e4, Kirnu: <em>Unknown measures<\/em><strong><br>2022&nbsp;<\/strong>Helsinki, Galleria Huuto: <em>Yhteys<\/em><strong><br>2021<\/strong> Pori, <em>Mediamuraalit<\/em><br><strong>2021<\/strong> Pori Film Festival<br><strong>2021<\/strong> Ars Pori Megastore: <em>Reflections<\/em><br><strong>2021<\/strong> M\u00e4nt\u00e4n kuvataideviikot: <em>Reflections<\/em><br><strong>2020<\/strong> Pori, Poriginal galleria: <em>Rajapinta<\/em><br><strong>2020<\/strong> Pori, Vanha linja-autoasema, PTS:n vuosin\u00e4yttely,&nbsp;L\u00e4hitaide: <em>Kriittinen et\u00e4isyys<\/em><br><strong>2020<\/strong> Pori, Kulttuurityhji\u00f6:<em> Unknown measures<\/em><br><strong>2020<\/strong> Pori, P-gallerian ikkuna: <em>Pieni\u00e4 kohtaamisia<\/em><br><strong>2019<\/strong> Rauman taidemuseo, PTS:n vuosin\u00e4yttely: <em>Runko<\/em><br><strong>2019<\/strong> Tampere, Galleria Rajatila: <em>Yhteys<\/em><br><strong>2019<\/strong> Turun taidehalli: <em>Yhteys<\/em><br><strong>2018<\/strong> Pori, Pori Film Festival: <em>Yhteys<\/em><br><strong>2018<\/strong> Pori, P-galleria: <em>Yhteys<\/em><\/p>\n\n\n\n<p><strong>Ryhm\u00e4n\u00e4yttelyt<br>2025<\/strong> Pori, P-galleria: <em>Nostalgia \u2013 ennen kaikki oli paremmin<\/em>, n\u00e4yttelyss\u00e4 mukana PTS:n vuoden 2025 toimihenkil\u00f6t <br><strong>2023<\/strong> Pori, P-galleria: <em>Keltainen<\/em>, n\u00e4yttelyss\u00e4 mukana PTS:n vuoden 2023 toimihenkil\u00f6t <br><strong>2017<\/strong> Pori, Poriginal galleria: <em>Mannio | Tyrv\u00e4inen | S\u00f6derlund<\/em><br><strong>2010<\/strong> Pori, Portait&#8217;S galleria: <em>6<\/em>, n\u00e4yttelyss\u00e4 mukana Kati Heljakka, Juuso Lepp\u00e4l\u00e4, Janne Sammalmaa, Kari Kuisma ja Mirja Vallinoja<br><strong>2009<\/strong> Latvia, Riika, Agija Suna gallery: <em>Variations<\/em>, n\u00e4yttelyss\u00e4 mukana Ulvi Hagensen (EST), Kirsi Jaakkola, Kari Kuisma ja Raija Kuisma<br><strong>2007<\/strong> Pori, Portait&#8217;S galleria:\u00a0<em>Ikkunoista valo taittuu<\/em>, n\u00e4yttely Kari Kuisman kanssa<br><strong>2001<\/strong> Pori, Galleria 3h+k, Porin taidekoulun lopputy\u00f6n\u00e4yttely<\/p>\n\n\n\n<p><strong>Yhteisn\u00e4yttelyt<\/strong><br><strong>2022<\/strong> Pori, P-galleria,&nbsp;PTS:n 75-vuotisjuhlan\u00e4yttely: <em>Eilen\u2013T\u00e4n\u00e4\u00e4n\u2013Huomenna<\/em><br><strong>2019<\/strong> Pori, P-galleria, PTS:n kes\u00e4n\u00e4yttely: <em>Kes\u00e4kukkii<\/em><strong><br>2019 <\/strong>Pori, Poriginal galleria: <em>K\u00e4yntikortti<\/em><strong><br>2015<\/strong> Pori, Poriginal galleria: <em>Taidesatama.fi\/LIVE<\/em><br><strong>2014<\/strong> Pori, Satakunnan messut Taidesatama.fi osastolla 1.-2.11.2014<br><strong>2014<\/strong> Pori, P-galleria:&nbsp;<em>Paraati \u2013 Omakuva lintuna<\/em><br><strong>2012<\/strong> Hyvink\u00e4\u00e4n taidemuseo: <em>Suomen kuvataidej\u00e4rjest\u00f6jen liiton vuosin\u00e4yttely<\/em><br><strong>2012<\/strong> Pori, P-gallerian avajaisn\u00e4yttelyt: <em>P1 (neli\u00f6), P2 (ympyr\u00e4) ja P3 (kolmio)<\/em><br><strong>2012<\/strong> Pori, Portait&#8217;S galleria, PTS:n kes\u00e4n\u00e4yttely: <em>RAIKAS<\/em><br><strong>2012<\/strong> Eura, Euran kirjasto, PTS:n vuosin\u00e4yttely:<em> Porilainen kaikilla mausteilla<br><\/em><strong>2012&nbsp;<\/strong>Pori, P\u00e4\u00e4kirjasto:&nbsp;<em>Pata, sandaali ja virkattu teltta<br><\/em><strong>2011<\/strong> Pori, Portait&#8217;S galleria, PTS:n vuosin\u00e4yttely: <em>Se pieni ero<\/em><br><strong>2009<\/strong> Pori, Portait&#8217;S galleria, PTS:n vuosin\u00e4yttely: <em>Maisema<\/em><br><strong>2008<\/strong> Uusikaupunki, Taidetalo Ars Aarras: <em>Vakkabiennaali II<\/em><br><strong>2008<\/strong> Pori, Portait&#8217;S galleria, PTS:n vuosin\u00e4yttely: <em>Omakuva<\/em><br><strong>2007<\/strong> Tampere, galleria Saskia, PTS:n 60-vuotisjuhlan\u00e4yttely: <em>PoriFeria<\/em><br><strong>2007<\/strong> Pori, Poriginal galleria, PTS:n 60-vuotisjuhlan\u00e4yttely: <em>PoriFeria<\/em><br><strong>2007<\/strong> Pori, Portait&#8217;S galleria, porilaisten ja riikalaisten yhteisn\u00e4yttely: <em>Memory Boxes<\/em><br><strong>2007<\/strong> Latvia, Riika, Design-museo:<em> Memory Boxes<\/em><br><strong>2006<\/strong> Turku, Galleria Regina, PTS:n vuosin\u00e4yttely: <em>Haurasta ja lujaa<\/em><br><strong>2006<\/strong> Pori, Portait&#8217;S galleria, PTS:n n\u00e4yttely: <em>Kes\u00e4 kukkii<\/em><br><strong>2006<\/strong> Pori, Portait&#8217;S galleria, PTS:n n\u00e4yttely: <em>Maalauksia<\/em><br><strong>2006<\/strong> Latvia, Aluksne, porilaisten ja riikalaisten yhteisn\u00e4yttely: <em>Small Talk<\/em><br><strong>2006<\/strong> Latvia, Riika, Bolderaja Hall: <em>Small Talk<\/em><br><strong>2006<\/strong> Latvia, Riika, Riian kaupungintalo: <em>Small Talk<\/em><br><strong>2005<\/strong> Tampere: <em>Tyhj\u00e4 t\u00e4yttyy taiteesta Takahuhdissa<\/em><br><strong>2005<\/strong> Pori, Portait galleria, Harjavalta, Emil Cedercreutzin taidemuseo: <em>Small Talk<\/em><br><strong>2005<\/strong> Pori, Portait galleria, PTS:n vuosin\u00e4yttely:<em> PTS 58<\/em><br><strong>2004<\/strong> Vaasan taidehalli, PTS:n vuosin\u00e4yttely: <em>BJ\u00d6RN MMIV<\/em><br><strong>2003<\/strong> Latvia, Riika, PTS:n n\u00e4yttely: <em>More than meets the eye<\/em><br><strong>2003<\/strong> Uusikaupunki, Kulttuurikeskus Cruselli,&nbsp;PTS:n vuosin\u00e4yttely: <em>Muuta n\u00e4kyviss\u00e4<\/em><\/p>\n\n\n\n<p><strong>Muu toiminta<\/strong><br><strong>2024<\/strong>\u00a0 Pori, Portait-ty\u00f6huone, Konstrundan: avoimet ateljeet -tapahtuma\u00a0<br><strong>2022 <\/strong>Pori, {TES}-ryhm\u00e4n taiteilijavierailu\u00a0Lastenkulttuurikeskus Kruunup\u00e4\u00e4ss\u00e4<strong><br>2020-2022<\/strong>\u00a0 Pori, Portait-ty\u00f6huone, Konstrundan: avoimet ateljeet -tapahtuma\u00a0<strong><br>2018<\/strong> Pori, Portait-ty\u00f6huone, Konstrundan: avoimet ateljeet -tapahtuma\u00a0<strong><br>2010 \u2013 2019<\/strong>\u00a0Pori, Viikkarin kyl\u00e4juhla<br><strong>2015<\/strong> Pori, My little Pori<br><strong>2015<\/strong> Pori, MaiFest<br><strong>2008 \u2013 2012<\/strong>\u00a0Pori, Tulitaidetapahtuma Taavin tulet<br><strong>2012<\/strong> Pori, Portait&#8217;S gallerian loppun\u00e4yttely LOPPU-SLUT<br><strong>2012<\/strong> Pori, Huovutusty\u00f6paja taiteilijoiden Elina Vojevoda (LV) ja Di\u0101na Janu\u0161one (LV) johdolla<br><strong>2011<\/strong> Pori, Taidelehmill\u00e4 apua Afrikkaan, Unicefin hyv\u00e4ntekev\u00e4isyystapahtuma<br><strong>2009<\/strong> Pori, Taidepys\u00e4kki<br><strong>2009<\/strong> Pori, Lasten taidety\u00f6paja taiteilija Ulvi Haagensenin (EST) johdolla<br><strong>2009<\/strong> Latvia, Riian kongressitalo ja Bolderaja n\u00e4yttelyhalli: Taidepressut<br><strong>2008<\/strong> Pori, Taidepressut<br><strong>2008<\/strong> Pori, Teosv\u00e4litysp\u00e4iv\u00e4t, V\u00e4rj\u00e4\u00e4m\u00f6 5<br><strong>2008<\/strong> Pori, Lasten taidety\u00f6paja taiteilija Giedrius Mazurasin (LIT) johdolla<br><strong>2007<\/strong> <strong>\u2013 2008<\/strong> Ty\u00f6paja OT&#8217;SO, galleriavahtimestari, Portait&#8217;S galleria<br><strong>2007<\/strong> Pori, Lasten taidety\u00f6paja taiteilija Laila Baloden (LV) johdolla<br><strong>2007<\/strong> Ty\u00f6paja OT&#8217;SO, galleriavahtimestari, Portait&#8217;S galleria<br><strong>2006<\/strong> Eura, Taidetta tallin t\u00e4ydelt\u00e4<br><strong>2006<\/strong> Pori, Lasten taidety\u00f6paja taiteilija Maija Liduman (LV) johdolla<br><strong>2006<\/strong> Pori, Teosv\u00e4litysp\u00e4iv\u00e4t, V\u00e4rj\u00e4\u00e4m\u00f6 5<br><strong>2005<\/strong> Helsinki, Kaapelitehdas, SKjL:n teosv\u00e4litys, V\u00e4lit\u00e4mme<br><strong>2005<\/strong> Mandala -ty\u00f6paja taiteilija Jelena Grisenkon (LV) johdolla<br><strong>2004<\/strong> Kulttuurity\u00f6paja, galleriavahtimestari Galleria 3h+k<br><strong>2003 \u2013 2004<\/strong> Kulttuurinuoret 2 \u2013projekti, galleriavahtimestari Portait galleria<br><strong>2003<\/strong> Pori, Teosv\u00e4litysp\u00e4iv\u00e4t, V\u00e4rj\u00e4\u00e4m\u00f6 5<\/p>\n\n\n\n<p><strong>Apurahat ja stipendit&nbsp;<\/strong><br><strong>2023<\/strong> Taike<br><strong>2022<\/strong> Taike<strong><br>2021 <\/strong>Taike<strong><br>2020&nbsp;<\/strong>Porin kaupunki<strong><br>2019&nbsp;<\/strong>Suomen kulttuurirahasto, Satakunnan rahasto<strong><br>2009<\/strong> Stipendi, Porin Saskiat ry<\/p>\n\n\n\n<p><strong>Koulutus<\/strong><br><strong>1997 \u2013 2001<\/strong> Porin taidekoulu, Kuvataiteilija<br><strong>1993 \u2013 1996<\/strong> Vantaan k\u00e4si- ja taideteollisuusoppilaitos, Artesaani \u2013 piirt\u00e4j\u00e4<\/p>\n\n\n\n<p><strong>J\u00e4senyydet<br><\/strong>Kuvasto<br>Muu ry<br>Porin Taiteilijaseura ry (PTS)<br>Taiteilijaseura NYTE ry<\/p>\n\n\n\n<p><strong>Luottamusteht\u00e4v\u00e4t<\/strong><br><strong>2015 \u2013<\/strong>&nbsp;Porin Taiteilijaseura ry:n rahastonhoitaja<br><strong>2020 \u2013 <\/strong>Satakunnan hyvinvointi- ja kulttuuriyhdistysten tuki ry:n varapuheenjohtaja<strong><br>2018 \u2013 2019<\/strong>&nbsp;Satakunnan hyvinvointi- ja kulttuuriyhdistysten tuki ry:n puheenjohtaja<strong><br>2016 \u2013 2017&nbsp;<\/strong>Porilaiset kulttuurij\u00e4rjest\u00f6t ry:n puheenjohtaja<br><strong>2016 \u2013<\/strong>&nbsp;<strong>2018&nbsp;<\/strong>Kiertopiste-projektin ohjausryhm\u00e4n puheenjohtaja<br><strong>2014 \u2013 2015<\/strong> Konttuuri-projektin ohjausryhm\u00e4n puheenjohtaja<br><strong>2013 \u2013 2015<\/strong> Porilaiset kulttuurij\u00e4rjest\u00f6t ry:n varapuheenjohtaja<br><strong>2012 \u2013 2014<\/strong> Porin Taiteilijaseura ry:n n\u00e4yttelysihteeri<br><strong>2011 \u2013<\/strong>&nbsp;<strong>2018<\/strong> Porin Taiteilijaseura ry:n hallituksen j\u00e4sen<br><strong>2007 \u2013 2010<\/strong> Porin Taiteilijaseura ry:n puheenjohtaja<br><strong>2005 \u2013 2006<\/strong> Porin Taiteilijaseura ry:n varapuheenjohtaja<br><strong>2004 \u2013 2005<\/strong> Porin Taiteilijaseura ry:n ja sen hallituksen sihteeri<br><strong>2005 \u2013<\/strong> Porilaiset kulttuurij\u00e4rjest\u00f6t ry:n hallituksen j\u00e4sen<\/p>\n","protected":false},"excerpt":{"rendered":"<p>Tea S\u00f6derlund s. 1976 VantaaAsuu ja ty\u00f6skentelee Porissacontact [at] teasoderlund.fi Yksityisn\u00e4yttelyt2024 Pori, P-galleria: Siirtymi\u00e42018 Pori, P-galleria: Kohtaaminen2018 Helsinki, Makkaragalleria: Kohtaamisia2016 Helsinki, Galleria SEIN\u00c4: Omakuva2015 Pori, Galleria 3H+K: Pinta2013 Pori, P-galleria: Kupla2013 Vantaa, galleria Gjutars:&#8230;<\/p>\n","protected":false},"author":1,"featured_media":0,"parent":0,"menu_order":0,"comment_status":"closed","ping_status":"open","template":"","meta":{"footnotes":""},"_links":{"self":[{"href":"https:\/\/teasoderlund.fi\/index.php?rest_route=\/wp\/v2\/pages\/2"}],"collection":[{"href":"https:\/\/teasoderlund.fi\/index.php?rest_route=\/wp\/v2\/pages"}],"about":[{"href":"https:\/\/teasoderlund.fi\/index.php?rest_route=\/wp\/v2\/types\/page"}],"author":[{"embeddable":true,"href":"https:\/\/teasoderlund.fi\/index.php?rest_route=\/wp\/v2\/users\/1"}],"replies":[{"embeddable":true,"href":"https:\/\/teasoderlund.fi\/index.php?rest_route=%2Fwp%2Fv2%2Fcomments&post=2"}],"version-history":[{"count":75,"href":"https:\/\/teasoderlund.fi\/index.php?rest_route=\/wp\/v2\/pages\/2\/revisions"}],"predecessor-version":[{"id":862,"href":"https:\/\/teasoderlund.fi\/index.php?rest_route=\/wp\/v2\/pages\/2\/revisions\/862"}],"wp:attachment":[{"href":"https:\/\/teasoderlund.fi\/index.php?rest_route=%2Fwp%2Fv2%2Fmedia&parent=2"}],"curies":[{"name":"wp","href":"https:\/\/api.w.org\/{rel}","templated":true}]}}