{"id":500,"date":"2019-08-18T10:25:29","date_gmt":"2019-08-18T10:25:29","guid":{"rendered":"http:\/\/teasoderlund.fi\/?page_id=500"},"modified":"2025-01-06T15:50:33","modified_gmt":"2025-01-06T15:50:33","slug":"tes","status":"publish","type":"page","link":"https:\/\/teasoderlund.fi\/?page_id=500","title":{"rendered":"{TES}"},"content":{"rendered":"<div class=\"wp-block-image\">\n<figure class=\"aligncenter size-full\"><img loading=\"lazy\" decoding=\"async\" width=\"1006\" height=\"671\" src=\"https:\/\/teasoderlund.fi\/wp-content\/uploads\/2023\/02\/TES-ryhmakuva.jpg\" alt=\"\" class=\"wp-image-771\" srcset=\"https:\/\/teasoderlund.fi\/wp-content\/uploads\/2023\/02\/TES-ryhmakuva.jpg 1006w, https:\/\/teasoderlund.fi\/wp-content\/uploads\/2023\/02\/TES-ryhmakuva-300x200.jpg 300w, https:\/\/teasoderlund.fi\/wp-content\/uploads\/2023\/02\/TES-ryhmakuva-768x512.jpg 768w, https:\/\/teasoderlund.fi\/wp-content\/uploads\/2023\/02\/TES-ryhmakuva-810x540.jpg 810w\" sizes=\"(max-width: 1006px) 100vw, 1006px\" \/><\/figure><\/div>\n\n\n<p>\/\/<\/p>\n\n\n\n<p><\/p>\n\n\n\n<p><strong>{TES}<\/strong> on mediataideryhm\u00e4, jonka teokset avaavat ihmisten ja teknologioiden vuorovaikutusta. Ne pohtivat esimerkiksi sit\u00e4, miten uudet teknologiat vaikuttavat taiteen kuluttamiseen sek\u00e4 luomiseen, ja millainen vaikutus uusilla teknologioilla on tekijyyden k\u00e4sitteeseen. Ryhm\u00e4ss\u00e4 vaikuttavat <strong>Tea S\u00f6derlund<\/strong>, <strong>Eetu Henttonen<\/strong> ja <strong>Sami Luusalo<\/strong>. Ryhm\u00e4 muokkaa kulttuurista teknologiaa ja teknologiasta kulttuuria, jossa kohtaavat sattuma, teknologioiden v\u00e4\u00e4rink\u00e4ytt\u00f6 ja tahattomat lopputulokset. Ryhm\u00e4 haluaa teoksillaan kartoittaa sit\u00e4, miten katsojan toiminta ja teoksen reaktiivisuus luovat esteettisen ja kognitiivisen kokemuksen. Teokset realisoituvat kokonaisuudessaan vain vuorovaikutuksessa katsojan\/kokijan kanssa:<\/p>\n\n\n\n<blockquote class=\"wp-block-quote\">\n<p><em>Olemme kiinnostuneet siit\u00e4, miten interaktiivinen teos saa muotonsa aina uudelleen jokaisen katsojan kohdalla, jolloin teoksen estetiikka ja merkitys ei muodostu ainoastaan valmiin teoksen formaalisista seikoista vaan my\u00f6s vuorovaikutuksen tapahtumasta. Katsoja on siis aina kehollisesti mukana teoksen kokemuksen luomisessa.<\/em><\/p>\n<\/blockquote>\n\n\n\n<p>Esteettisen kokemuksen lis\u00e4ksi katsojan on tiedollisesti pohdittava teoksen hallinnan toimivuutta ja kokonaisuuden muodostumista prosessuaalisten tapahtumien perusteella. Toisin sanoen h\u00e4nen huomionsa ei keskity vain olemassa olevaan, visuaaliseen teokseen vaan my\u00f6s vuorovaikutuksen keinoihin ja omaan keholliseen rooliinsa. Lopulta vuorovaikutteisissa installaatioissa kiinnostavaa onkin se, miten ne yhdist\u00e4v\u00e4t kehollisen toiminnan emotio\u00adnaalisiin ja kognitiivisiin prosesseihin. Katsojan on toimittava kuitenkin teoksen sis\u00e4isten s\u00e4\u00e4nt\u00f6jen mukaisesti, joten kyse on aina sattuman ja hallinnan v\u00e4lisest\u00e4 tasapainosta.<\/p>\n\n\n\n<div class=\"wp-block-columns is-layout-flex wp-container-core-columns-layout-1 wp-block-columns-is-layout-flex\">\n<div class=\"wp-block-column is-layout-flow wp-block-column-is-layout-flow\" style=\"flex-basis:30%\">\n<figure class=\"wp-block-image size-medium\"><img loading=\"lazy\" decoding=\"async\" width=\"300\" height=\"300\" src=\"https:\/\/teasoderlund.fi\/wp-content\/uploads\/2019\/11\/Tea-300x300.png\" alt=\"\" class=\"wp-image-522\" srcset=\"https:\/\/teasoderlund.fi\/wp-content\/uploads\/2019\/11\/Tea-300x300.png 300w, https:\/\/teasoderlund.fi\/wp-content\/uploads\/2019\/11\/Tea-150x150.png 150w, https:\/\/teasoderlund.fi\/wp-content\/uploads\/2019\/11\/Tea-170x170.png 170w, https:\/\/teasoderlund.fi\/wp-content\/uploads\/2019\/11\/Tea-68x68.png 68w, https:\/\/teasoderlund.fi\/wp-content\/uploads\/2019\/11\/Tea.png 591w\" sizes=\"(max-width: 300px) 100vw, 300px\" \/><\/figure>\n<\/div>\n\n\n\n<div class=\"wp-block-column is-vertically-aligned-center is-layout-flow wp-block-column-is-layout-flow\" style=\"flex-basis:70%\">\n<p><strong>Tea S\u00f6derlund<\/strong> valmistui taidemaalariksi vuonna 2001 ja on toiminut aktiivisesti kuvataiteilijana ja kulttuurin monity\u00f6l\u00e4isen\u00e4. Viimeisimpien n\u00e4yttelyiden teemoina ovat olleet yksil\u00f6n identiteetin, roolien ja normien kysymykset. K\u00e4sitteellisi\u00e4 kokonaisuuksia muodostavat teokset syntyv\u00e4t usein ajan kuluessa kertyneest\u00e4 kierr\u00e4tysmateriaalista, kuten sanomalehdist\u00e4, vanhoista leluista ja karkkipapereista. Materiaalivalinnat my\u00f6s osaltaan johdattelevat k\u00e4sitteelliseen tulkintaan, joka hahmottuu usein tuntemuksista ja ajatuksista, joita on vaikea nimet\u00e4 tai pukea lauseisiin.<\/p>\n<\/div>\n<\/div>\n\n\n\n<div class=\"wp-block-columns is-layout-flex wp-container-core-columns-layout-2 wp-block-columns-is-layout-flex\">\n<div class=\"wp-block-column is-layout-flow wp-block-column-is-layout-flow\" style=\"flex-basis:30%\">\n<figure class=\"wp-block-image size-medium\"><img loading=\"lazy\" decoding=\"async\" width=\"300\" height=\"300\" src=\"https:\/\/teasoderlund.fi\/wp-content\/uploads\/2019\/11\/Eetu-300x300.png\" alt=\"\" class=\"wp-image-524\" srcset=\"https:\/\/teasoderlund.fi\/wp-content\/uploads\/2019\/11\/Eetu-300x300.png 300w, https:\/\/teasoderlund.fi\/wp-content\/uploads\/2019\/11\/Eetu-150x150.png 150w, https:\/\/teasoderlund.fi\/wp-content\/uploads\/2019\/11\/Eetu-170x170.png 170w, https:\/\/teasoderlund.fi\/wp-content\/uploads\/2019\/11\/Eetu-68x68.png 68w, https:\/\/teasoderlund.fi\/wp-content\/uploads\/2019\/11\/Eetu.png 591w\" sizes=\"(max-width: 300px) 100vw, 300px\" \/><\/figure>\n<\/div>\n\n\n\n<div class=\"wp-block-column is-vertically-aligned-center is-layout-flow wp-block-column-is-layout-flow\" style=\"flex-basis:70%\">\n<p><strong>Eetu Henttonen<\/strong> on vuonna 2015 Aalto-yliopiston Visuaalisen kulttuurin maisteriohjelmasta valmistunut taiteen maisteri. Koodaavana graafisena suunnittelijana ja keskinkertaisena viestint\u00e4alan renessanssinerona h\u00e4nt\u00e4 kiinnostavat taiteen keinot tuoda esiin ihmisen ja l\u00e4pikotaisin teknologisoituneen ymp\u00e4rist\u00f6mme n\u00e4kym\u00e4tt\u00f6mi\u00e4 ja tiedostamattomia vuorovaikutussuhteita.<\/p>\n<\/div>\n<\/div>\n\n\n\n<div class=\"wp-block-columns is-layout-flex wp-container-core-columns-layout-3 wp-block-columns-is-layout-flex\">\n<div class=\"wp-block-column is-layout-flow wp-block-column-is-layout-flow\" style=\"flex-basis:30%\">\n<figure class=\"wp-block-image size-medium\"><img loading=\"lazy\" decoding=\"async\" width=\"300\" height=\"300\" src=\"https:\/\/teasoderlund.fi\/wp-content\/uploads\/2023\/02\/Sami-1-300x300.png\" alt=\"\" class=\"wp-image-769\" srcset=\"https:\/\/teasoderlund.fi\/wp-content\/uploads\/2023\/02\/Sami-1-300x300.png 300w, https:\/\/teasoderlund.fi\/wp-content\/uploads\/2023\/02\/Sami-1-1024x1024.png 1024w, https:\/\/teasoderlund.fi\/wp-content\/uploads\/2023\/02\/Sami-1-150x150.png 150w, https:\/\/teasoderlund.fi\/wp-content\/uploads\/2023\/02\/Sami-1-768x768.png 768w, https:\/\/teasoderlund.fi\/wp-content\/uploads\/2023\/02\/Sami-1-1536x1536.png 1536w, https:\/\/teasoderlund.fi\/wp-content\/uploads\/2023\/02\/Sami-1-170x170.png 170w, https:\/\/teasoderlund.fi\/wp-content\/uploads\/2023\/02\/Sami-1-68x68.png 68w, https:\/\/teasoderlund.fi\/wp-content\/uploads\/2023\/02\/Sami-1.png 1772w\" sizes=\"(max-width: 300px) 100vw, 300px\" \/><\/figure>\n<\/div>\n\n\n\n<div class=\"wp-block-column is-vertically-aligned-center is-layout-flow wp-block-column-is-layout-flow\" style=\"flex-basis:70%\">\n<p><strong>Sami Luusalo<\/strong> on valmistunut filosofian maisteriksi p\u00e4\u00e4aineenaan englantilainen filologia. Opinnoissaan h\u00e4n perehtyi my\u00f6s monipuolisesti digitaaliseen kulttuuriin ja mediataiteeseen. Sami on kiinnostunut avoimen l\u00e4hdekoodin kehitysymp\u00e4rist\u00f6jen k\u00e4yt\u00f6st\u00e4 luovan ilmaisun v\u00e4linein\u00e4, ja h\u00e4n on seurannut vuosien ajan digitaalisen kulttuurin, mediataiteen ja erityisesti luovan koodaamisen alaa. Ennen osallistumistaan ty\u00f6ryhm\u00e4\u00e4n h\u00e4n on mm. ehtinyt toimimaan IT-alalla l\u00e4hes kymmenen vuoden ajan teknisen viestinn\u00e4n asiantuntijana.<\/p>\n<\/div>\n<\/div>\n\n\n\n<div class=\"wp-block-columns is-layout-flex wp-container-core-columns-layout-5 wp-block-columns-is-layout-flex\">\n<div class=\"wp-block-column is-layout-flow wp-block-column-is-layout-flow\" style=\"flex-basis:100%\">\n<div class=\"wp-block-columns is-layout-flex wp-container-core-columns-layout-4 wp-block-columns-is-layout-flex\">\n<div class=\"wp-block-column is-layout-flow wp-block-column-is-layout-flow\" style=\"flex-basis:70%\">\n<p><strong>{TES}-ryhm\u00e4n n\u00e4yttelyt ja tapahtumat:<\/strong><br>2024 Pori, Galleria Ars Pori, \/SLASH kes\u00e4n\u00e4yttely<br>2024 Pori, \/SLASH, ANTiTILAN taiden\u00e4yttely<br>2023 Helsinki, Myym\u00e4l\u00e42<br>2023 Mediamuraalit, Porin Juhlaviikot<br>2022 Lahti, Galleria Uusi Kipin\u00e4, Kirnu<br>2022&nbsp;Helsinki, Galleria Huuto<br>2021 Mediamuraalit, Pori<br>2021 Pori Film Festival<br>2021 Ars Pori Megastore<br>2021 M\u00e4nt\u00e4n kuvataideviikot<br>2020 Pori, Poriginal galleria<br>2020 Pori, L\u00e4hitaide<br>2020 Pori, Kulttuurityhji\u00f6<br>2020 Pori, P-galleria<br>2019 Rauman taidemuseo<br>2019 Tampere, Galleria Rajatila<br>2019 Turun taidehalli<br>2018 Pori Film Festival<br>2018 Pori, P-galleria<\/p>\n<\/div>\n\n\n\n<div class=\"wp-block-column is-layout-flow wp-block-column-is-layout-flow\" style=\"flex-basis:60%\">\n<p><strong>Muu toiminta:<\/strong><br>2024 Pori, Konstrundan, avoimet ateljeet<br>2022 Pori, Taiteilijavierailu Lastenkulttuurikeskus Kruunup\u00e4\u00e4ss\u00e4<br>2021 Pori, Konstrundan, avoimet ateljeet<br>2020 Pori, Konstrundan, avoimet ateljeet<\/p>\n\n\n\n<p><strong>Apurahat:<\/strong><br>2023 Taike<br>2022 Taike<br>2021 Taike<br>2020 Porin kaupunki<br>2019 Suomen kulttuurirahasto<\/p>\n<\/div>\n<\/div>\n<\/div>\n<\/div>\n\n\n\n<p><\/p>\n\n\n\n<figure class=\"wp-block-embed is-type-video is-provider-youtube wp-block-embed-youtube wp-embed-aspect-16-9 wp-has-aspect-ratio\"><div class=\"wp-block-embed__wrapper\">\n<iframe loading=\"lazy\" title=\"{TES} - Selected Works\" width=\"640\" height=\"360\" src=\"https:\/\/www.youtube.com\/embed\/ldmEsAs_XFA?feature=oembed\" frameborder=\"0\" allow=\"accelerometer; autoplay; clipboard-write; encrypted-media; gyroscope; picture-in-picture; web-share\" referrerpolicy=\"strict-origin-when-cross-origin\" allowfullscreen><\/iframe>\n<\/div><\/figure>\n\n\n\n<p>\/\/ <\/p>\n\n\n\n<p><strong>{TES}<\/strong> is a media art group formed by T<strong>ea S\u00f6derlund<\/strong>, <strong>Eetu Henttonen<\/strong> and <strong>Sami Luusalo<\/strong>. Their installations create spaces for exploring the themes and connotations of interaction. The interactive works that combine sculptural elements, sound, animation, video and new technologies, are given form by the activity of the viewer, thus the work is unique for each person. The installations create both concrete and metaphorical connections between the digital and physical realities.<\/p>\n\n\n\n<p>After graduating from art school in 2001 <strong>Tea S\u00f6derlund<\/strong> have worked actively as both an artist and a cultural worker of various tasks. Her diverse artistic endeavours, including paintings, media art and installations, have dealt with subjects such as identity, roles and norms. Her works usually take shape during long periods of time and form conceptual ensembles that are composed of recycled materials. These materials, for example, old newspapers and used toys, influence the process and the interpretations that give form to sentiments and sensations which are otherwise difficult or impossible to verbalise.<\/p>\n\n\n\n<p><strong>Eetu Henttonen<\/strong> is a Master of Arts graduate from Aalto University&#8217;s Visual Culture Master&#8217;s Degree Program (2015). As a coding graphic designer and a mediocre communications renaissance man, he is interested in the way art can reveal the invisible and unconscious interactions between us and our thoroughly technologized environment.<\/p>\n\n\n\n<p><strong>Sami Luusalo<\/strong> uses code to create interactive installations and digital projections. He is a Master of Philosophy, majoring in English philology, who has also delved deep into digital culture and media art. Sami is interested in the use of open source software as a tool for creative expression and has been following the field of digital culture, media art, and especially creative coding for years. In addition to media art he has been working as a technical communications professional.<\/p>\n","protected":false},"excerpt":{"rendered":"<p>\/\/ {TES} on mediataideryhm\u00e4, jonka teokset avaavat ihmisten ja teknologioiden vuorovaikutusta. Ne pohtivat esimerkiksi sit\u00e4, miten uudet teknologiat vaikuttavat taiteen kuluttamiseen sek\u00e4 luomiseen, ja millainen vaikutus uusilla teknologioilla on tekijyyden k\u00e4sitteeseen. Ryhm\u00e4ss\u00e4 vaikuttavat Tea&#8230;<\/p>\n","protected":false},"author":2,"featured_media":431,"parent":0,"menu_order":0,"comment_status":"closed","ping_status":"closed","template":"","meta":{"footnotes":""},"_links":{"self":[{"href":"https:\/\/teasoderlund.fi\/index.php?rest_route=\/wp\/v2\/pages\/500"}],"collection":[{"href":"https:\/\/teasoderlund.fi\/index.php?rest_route=\/wp\/v2\/pages"}],"about":[{"href":"https:\/\/teasoderlund.fi\/index.php?rest_route=\/wp\/v2\/types\/page"}],"author":[{"embeddable":true,"href":"https:\/\/teasoderlund.fi\/index.php?rest_route=\/wp\/v2\/users\/2"}],"replies":[{"embeddable":true,"href":"https:\/\/teasoderlund.fi\/index.php?rest_route=%2Fwp%2Fv2%2Fcomments&post=500"}],"version-history":[{"count":39,"href":"https:\/\/teasoderlund.fi\/index.php?rest_route=\/wp\/v2\/pages\/500\/revisions"}],"predecessor-version":[{"id":857,"href":"https:\/\/teasoderlund.fi\/index.php?rest_route=\/wp\/v2\/pages\/500\/revisions\/857"}],"wp:featuredmedia":[{"embeddable":true,"href":"https:\/\/teasoderlund.fi\/index.php?rest_route=\/wp\/v2\/media\/431"}],"wp:attachment":[{"href":"https:\/\/teasoderlund.fi\/index.php?rest_route=%2Fwp%2Fv2%2Fmedia&parent=500"}],"curies":[{"name":"wp","href":"https:\/\/api.w.org\/{rel}","templated":true}]}}